{"id":4849,"date":"2025-01-30T20:41:24","date_gmt":"2025-01-30T19:41:24","guid":{"rendered":"https:\/\/raaf-kommunikation.de\/?page_id=4849"},"modified":"2026-02-06T17:36:34","modified_gmt":"2026-02-06T16:36:34","slug":"raaf-kommunikation-rueckruf-anfordern","status":"publish","type":"page","link":"https:\/\/raaf-kommunikation.de\/de\/raaf-kommunikation-rueckruf-anfordern\/","title":{"rendered":"R\u00fcckruf anfordern"},"content":{"rendered":"\t\t<div data-elementor-type=\"wp-page\" data-elementor-id=\"4849\" class=\"elementor elementor-4849\" data-elementor-post-type=\"page\">\n\t\t\t\t<div class=\"elementor-element elementor-element-d216061 e-flex e-con-boxed e-con e-parent\" data-id=\"d216061\" data-element_type=\"container\" data-e-type=\"container\">\n\t\t\t\t\t<div class=\"e-con-inner\">\n\t\t\t\t<div class=\"elementor-element elementor-element-db4708d elementor-widget elementor-widget-heading\" data-id=\"db4708d\" data-element_type=\"widget\" data-e-type=\"widget\" data-widget_type=\"heading.default\">\n\t\t\t\t<div class=\"elementor-widget-container\">\n\t\t\t\t\t<h1 class=\"elementor-heading-title elementor-size-default\">raaf\/kommunikation: R\u00fcckruf anfordern<\/h1>\t\t\t\t<\/div>\n\t\t\t\t<\/div>\n\t\t\t\t\t<\/div>\n\t\t\t\t<\/div>\n\t\t<div class=\"elementor-element elementor-element-2f96435 e-flex e-con-boxed e-con e-parent\" data-id=\"2f96435\" data-element_type=\"container\" data-e-type=\"container\" data-settings=\"{&quot;background_background&quot;:&quot;classic&quot;}\">\n\t\t\t\t\t<div class=\"e-con-inner\">\n\t\t\t\t<div class=\"elementor-element elementor-element-a5b5f9c elementor-widget elementor-widget-heading\" data-id=\"a5b5f9c\" data-element_type=\"widget\" data-e-type=\"widget\" data-widget_type=\"heading.default\">\n\t\t\t\t<div class=\"elementor-widget-container\">\n\t\t\t\t\t<h2 class=\"elementor-heading-title elementor-size-default\">Gespannt? Jetzt R\u00fcckruf anfordern:<\/h2>\t\t\t\t<\/div>\n\t\t\t\t<\/div>\n\t\t\t\t<div class=\"elementor-element elementor-element-5f4a089 elementor-widget elementor-widget-text-editor\" data-id=\"5f4a089\" data-element_type=\"widget\" data-e-type=\"widget\" data-widget_type=\"text-editor.default\">\n\t\t\t\t<div class=\"elementor-widget-container\">\n\t\t\t\t\t\t\t\t\t<p>Geben Sie einfach Ihren Namen und Ihre Telefonnummer ein \u2013 fertig!<\/p>\t\t\t\t\t\t\t\t<\/div>\n\t\t\t\t<\/div>\n\t\t\t\t<div class=\"elementor-element elementor-element-2588bab elementor-button-align-start elementor-widget elementor-widget-global elementor-global-3465 elementor-widget-form\" data-id=\"2588bab\" data-element_type=\"widget\" data-e-type=\"widget\" data-settings=\"{&quot;step_next_label&quot;:&quot;N\\u00e4chster&quot;,&quot;step_previous_label&quot;:&quot;Voriger&quot;,&quot;button_width&quot;:&quot;100&quot;,&quot;step_type&quot;:&quot;number_text&quot;,&quot;step_icon_shape&quot;:&quot;circle&quot;}\" data-widget_type=\"form.default\">\n\t\t\t\t<div class=\"elementor-widget-container\">\n\t\t\t\t\t\t\t<form class=\"elementor-form\" method=\"post\" name=\"CTA R\u00fcckruf\" aria-label=\"CTA R\u00fcckruf\" novalidate=\"\">\n\t\t\t<input type=\"hidden\" name=\"post_id\" value=\"4849\"\/>\n\t\t\t<input type=\"hidden\" name=\"form_id\" value=\"2588bab\"\/>\n\t\t\t<input type=\"hidden\" name=\"referer_title\" value=\"\" \/>\n\n\t\t\t\n\t\t\t<div class=\"elementor-form-fields-wrapper elementor-labels-above\">\n\t\t\t\t\t\t\t\t<div class=\"elementor-field-type-text elementor-field-group elementor-column elementor-field-group-name elementor-col-100 elementor-field-required elementor-mark-required\">\n\t\t\t\t\t\t\t\t\t\t\t\t<label for=\"form-field-name\" class=\"elementor-field-label\">\n\t\t\t\t\t\t\t\tName\t\t\t\t\t\t\t<\/label>\n\t\t\t\t\t\t\t\t\t\t\t\t\t\t<input size=\"1\" type=\"text\" name=\"form_fields[name]\" id=\"form-field-name\" class=\"elementor-field elementor-size-sm  elementor-field-textual\" placeholder=\"Name\" required=\"required\">\n\t\t\t\t\t\t\t\t\t\t\t<\/div>\n\t\t\t\t\t\t\t\t<div class=\"elementor-field-type-text\">\n\t\t\t\t\t<input size=\"1\" type=\"text\" name=\"form_fields[Vorname]\" id=\"form-field-Vorname\" class=\"elementor-field elementor-size-sm \" style=\"display:none !important;\">\t\t\t\t<\/div>\n\t\t\t\t\t\t\t\t<div class=\"elementor-field-type-tel elementor-field-group elementor-column elementor-field-group-telefon elementor-col-100 elementor-field-required elementor-mark-required\">\n\t\t\t\t\t\t\t\t\t\t\t\t<label for=\"form-field-telefon\" class=\"elementor-field-label\">\n\t\t\t\t\t\t\t\tTelefonnummer\t\t\t\t\t\t\t<\/label>\n\t\t\t\t\t\t\t\t<input size=\"1\" type=\"tel\" name=\"form_fields[telefon]\" id=\"form-field-telefon\" class=\"elementor-field elementor-size-sm  elementor-field-textual\" placeholder=\"Telefon (inkl. Durchwahl)\" required=\"required\" pattern=\"[0-9()#&amp;+*-=.]+\" title=\"Nur Nummern oder Telefon-Zeichen (#, -, *, etc) werden akzeptiert.\">\n\n\t\t\t\t\t\t<\/div>\n\t\t\t\t\t\t\t\t<div class=\"elementor-field-type-text\">\n\t\t\t\t\t<input size=\"1\" type=\"text\" name=\"form_fields[email]\" id=\"form-field-email\" class=\"elementor-field elementor-size-sm \" style=\"display:none !important;\">\t\t\t\t<\/div>\n\t\t\t\t\t\t\t\t<div class=\"elementor-field-type-textarea elementor-field-group elementor-column elementor-field-group-nachricht elementor-col-100\">\n\t\t\t\t\t\t\t\t\t\t\t\t<label for=\"form-field-nachricht\" class=\"elementor-field-label\">\n\t\t\t\t\t\t\t\tNachricht\t\t\t\t\t\t\t<\/label>\n\t\t\t\t\t\t<textarea class=\"elementor-field-textual elementor-field  elementor-size-sm\" name=\"form_fields[nachricht]\" id=\"form-field-nachricht\" rows=\"4\" placeholder=\"Falls Sie vorab etwas mitteilen m\u00f6chten, k\u00f6nnen Sie das hier tun \u2013 m\u00fcssen Sie aber nicht.\"><\/textarea>\t\t\t\t<\/div>\n\t\t\t\t\t\t\t\t<div class=\"elementor-field-type-checkbox elementor-field-group elementor-column elementor-field-group-Wochentage elementor-col-100\">\n\t\t\t\t\t\t\t\t\t\t\t\t<label for=\"form-field-Wochentage\" class=\"elementor-field-label\">\n\t\t\t\t\t\t\t\tBevorzugte Wochentage f\u00fcr den R\u00fcckruf (falls gew\u00fcnscht):\t\t\t\t\t\t\t<\/label>\n\t\t\t\t\t\t<div class=\"elementor-field-subgroup  elementor-subgroup-inline\"><span class=\"elementor-field-option\"><input type=\"checkbox\" value=\"Schnellstm\u00f6glich\" id=\"form-field-Wochentage-0\" name=\"form_fields[Wochentage][]\"> <label for=\"form-field-Wochentage-0\">Schnellstm\u00f6glich<\/label><\/span><span class=\"elementor-field-option\"><input type=\"checkbox\" value=\"Mo-Fr\" id=\"form-field-Wochentage-1\" name=\"form_fields[Wochentage][]\"> <label for=\"form-field-Wochentage-1\">Mo-Fr<\/label><\/span><span class=\"elementor-field-option\"><input type=\"checkbox\" value=\"Montag\" id=\"form-field-Wochentage-2\" name=\"form_fields[Wochentage][]\"> <label for=\"form-field-Wochentage-2\">Montag<\/label><\/span><span class=\"elementor-field-option\"><input type=\"checkbox\" value=\"Dienstag\" id=\"form-field-Wochentage-3\" name=\"form_fields[Wochentage][]\"> <label for=\"form-field-Wochentage-3\">Dienstag<\/label><\/span><span class=\"elementor-field-option\"><input type=\"checkbox\" value=\"Mittwoch\" id=\"form-field-Wochentage-4\" name=\"form_fields[Wochentage][]\"> <label for=\"form-field-Wochentage-4\">Mittwoch<\/label><\/span><span class=\"elementor-field-option\"><input type=\"checkbox\" value=\"Donnerstag\" id=\"form-field-Wochentage-5\" name=\"form_fields[Wochentage][]\"> <label for=\"form-field-Wochentage-5\">Donnerstag<\/label><\/span><span class=\"elementor-field-option\"><input type=\"checkbox\" value=\"Freitag\" id=\"form-field-Wochentage-6\" name=\"form_fields[Wochentage][]\"> <label for=\"form-field-Wochentage-6\">Freitag<\/label><\/span><\/div>\t\t\t\t<\/div>\n\t\t\t\t\t\t\t\t<div class=\"elementor-field-type-text\">\n\t\t\t\t\t<input size=\"1\" type=\"text\" name=\"form_fields[Wochentag_bestaetigen]\" id=\"form-field-Wochentag_bestaetigen\" class=\"elementor-field elementor-size-sm \" style=\"display:none !important;\">\t\t\t\t<\/div>\n\t\t\t\t\t\t\t\t<div class=\"elementor-field-type-checkbox elementor-field-group elementor-column elementor-field-group-Uhrzeiten elementor-col-100\">\n\t\t\t\t\t\t\t\t\t\t\t\t<label for=\"form-field-Uhrzeiten\" class=\"elementor-field-label\">\n\t\t\t\t\t\t\t\tBevorzugte Uhrzeit(en) f\u00fcr den R\u00fcckruf (falls gew\u00fcnscht):\t\t\t\t\t\t\t<\/label>\n\t\t\t\t\t\t<div class=\"elementor-field-subgroup  elementor-subgroup-inline\"><span class=\"elementor-field-option\"><input type=\"checkbox\" value=\"Schnellstm\u00f6glich\" id=\"form-field-Uhrzeiten-0\" name=\"form_fields[Uhrzeiten][]\"> <label for=\"form-field-Uhrzeiten-0\">Schnellstm\u00f6glich<\/label><\/span><span class=\"elementor-field-option\"><input type=\"checkbox\" value=\"Egal\" id=\"form-field-Uhrzeiten-1\" name=\"form_fields[Uhrzeiten][]\"> <label for=\"form-field-Uhrzeiten-1\">Egal<\/label><\/span><span class=\"elementor-field-option\"><input type=\"checkbox\" value=\"9-10 Uhr\" id=\"form-field-Uhrzeiten-2\" name=\"form_fields[Uhrzeiten][]\"> <label for=\"form-field-Uhrzeiten-2\">9-10 Uhr<\/label><\/span><span class=\"elementor-field-option\"><input type=\"checkbox\" value=\"10-12 Uhr\" id=\"form-field-Uhrzeiten-3\" name=\"form_fields[Uhrzeiten][]\"> <label for=\"form-field-Uhrzeiten-3\">10-12 Uhr<\/label><\/span><span class=\"elementor-field-option\"><input type=\"checkbox\" value=\"12-14 Uhr\" id=\"form-field-Uhrzeiten-4\" name=\"form_fields[Uhrzeiten][]\"> <label for=\"form-field-Uhrzeiten-4\">12-14 Uhr<\/label><\/span><span class=\"elementor-field-option\"><input type=\"checkbox\" value=\"14-16 Uhr\" id=\"form-field-Uhrzeiten-5\" name=\"form_fields[Uhrzeiten][]\"> <label for=\"form-field-Uhrzeiten-5\">14-16 Uhr<\/label><\/span><span class=\"elementor-field-option\"><input type=\"checkbox\" value=\"16-18 Uhr\" id=\"form-field-Uhrzeiten-6\" name=\"form_fields[Uhrzeiten][]\"> <label for=\"form-field-Uhrzeiten-6\">16-18 Uhr<\/label><\/span><\/div>\t\t\t\t<\/div>\n\t\t\t\t\t\t\t\t<div class=\"elementor-field-type-text\">\n\t\t\t\t\t<input size=\"1\" type=\"text\" name=\"form_fields[Uhrzei_bestaetigen]\" id=\"form-field-Uhrzei_bestaetigen\" class=\"elementor-field elementor-size-sm \" style=\"display:none !important;\">\t\t\t\t<\/div>\n\t\t\t\t\t\t\t\t<div class=\"elementor-field-type-acceptance elementor-field-group elementor-column elementor-field-group-datenschutz elementor-col-100 elementor-field-required elementor-mark-required\">\n\t\t\t\t\t\t\t\t\t\t\t\t<label for=\"form-field-datenschutz\" class=\"elementor-field-label\">\n\t\t\t\t\t\t\t\tDatenschutz\t\t\t\t\t\t\t<\/label>\n\t\t\t\t\t\t\t\t<div class=\"elementor-field-subgroup\">\n\t\t\t<span class=\"elementor-field-option\">\n\t\t\t\t<input type=\"checkbox\" name=\"form_fields[datenschutz]\" id=\"form-field-datenschutz\" class=\"elementor-field elementor-size-sm  elementor-acceptance-field\" required=\"required\">\n\t\t\t\t<label for=\"form-field-datenschutz\">Mit der Verwendung meiner Daten zwecks R\u00fcckrufs erkl\u00e4re ich mich einverstanden. <br>Meine Daten werden zum jetzigen Zeitpunkt noch nicht dauerhaft gespeichert und unter keinen Umst\u00e4nden weitergegeben.<\/label>\t\t\t<\/span>\n\t\t<\/div>\n\t\t\t\t\t\t<\/div>\n\t\t\t\t\t\t\t\t<div class=\"elementor-field-group elementor-column elementor-field-type-submit elementor-col-100 e-form__buttons\">\n\t\t\t\t\t<button class=\"elementor-button elementor-size-sm\" type=\"submit\">\n\t\t\t\t\t\t<span class=\"elementor-button-content-wrapper\">\n\t\t\t\t\t\t\t\t\t\t\t\t\t\t\t\t\t\t\t\t\t\t<span class=\"elementor-button-text\">Senden<\/span>\n\t\t\t\t\t\t\t\t\t\t\t\t\t<\/span>\n\t\t\t\t\t<\/button>\n\t\t\t\t<\/div>\n\t\t\t<\/div>\n\t\t<\/form>\n\t\t\t\t\t\t<\/div>\n\t\t\t\t<\/div>\n\t\t<div class=\"elementor-element elementor-element-bb28e43 e-con-full e-transform elementor-hidden-tablet elementor-hidden-mobile e-flex e-con e-child\" data-id=\"bb28e43\" data-element_type=\"container\" data-e-type=\"container\" data-settings=\"{&quot;background_background&quot;:&quot;classic&quot;,&quot;_transform_rotateZ_effect&quot;:{&quot;unit&quot;:&quot;px&quot;,&quot;size&quot;:-80,&quot;sizes&quot;:[]},&quot;_transform_rotateZ_effect_laptop&quot;:{&quot;unit&quot;:&quot;deg&quot;,&quot;size&quot;:&quot;&quot;,&quot;sizes&quot;:[]},&quot;_transform_rotateZ_effect_tablet&quot;:{&quot;unit&quot;:&quot;deg&quot;,&quot;size&quot;:&quot;&quot;,&quot;sizes&quot;:[]},&quot;_transform_rotateZ_effect_mobile&quot;:{&quot;unit&quot;:&quot;deg&quot;,&quot;size&quot;:&quot;&quot;,&quot;sizes&quot;:[]}}\">\n\t\t\t\t<\/div>\n\t\t\t\t\t<\/div>\n\t\t\t\t<\/div>\n\t\t<div class=\"elementor-element elementor-element-44b9a50 e-flex e-con-boxed e-con e-parent\" data-id=\"44b9a50\" data-element_type=\"container\" data-e-type=\"container\" data-settings=\"{&quot;background_background&quot;:&quot;classic&quot;}\">\n\t\t\t\t\t<div class=\"e-con-inner\">\n\t\t\t\t<div class=\"elementor-element elementor-element-64ce8e5 elementor-align-justify elementor-widget elementor-widget-button\" data-id=\"64ce8e5\" data-element_type=\"widget\" data-e-type=\"widget\" data-widget_type=\"button.default\">\n\t\t\t\t<div class=\"elementor-widget-container\">\n\t\t\t\t\t\t\t\t\t<div class=\"elementor-button-wrapper\">\n\t\t\t\t\t<a class=\"elementor-button elementor-button-link elementor-size-sm\" href=\"https:\/\/raaf-kommunikation.de\/preise-fuer-dienstleistungen-in-der-werbung\">\n\t\t\t\t\t\t<span class=\"elementor-button-content-wrapper\">\n\t\t\t\t\t\t\t\t\t<span class=\"elementor-button-text\">PREISBEISPIELE<\/span>\n\t\t\t\t\t<\/span>\n\t\t\t\t\t<\/a>\n\t\t\t\t<\/div>\n\t\t\t\t\t\t\t\t<\/div>\n\t\t\t\t<\/div>\n\t\t\t\t<div class=\"elementor-element elementor-element-1ec0bc0 elementor-align-justify elementor-widget elementor-widget-button\" data-id=\"1ec0bc0\" data-element_type=\"widget\" data-e-type=\"widget\" data-widget_type=\"button.default\">\n\t\t\t\t<div class=\"elementor-widget-container\">\n\t\t\t\t\t\t\t\t\t<div class=\"elementor-button-wrapper\">\n\t\t\t\t\t<a class=\"elementor-button elementor-button-link elementor-size-sm\" href=\"https:\/\/raaf-kommunikation.de\/arbeitsbeispiele-werbeagentur-werbetext-werbegrafik\/\">\n\t\t\t\t\t\t<span class=\"elementor-button-content-wrapper\">\n\t\t\t\t\t\t\t\t\t<span class=\"elementor-button-text\">ARBEITSBEISPIELE<\/span>\n\t\t\t\t\t<\/span>\n\t\t\t\t\t<\/a>\n\t\t\t\t<\/div>\n\t\t\t\t\t\t\t\t<\/div>\n\t\t\t\t<\/div>\n\t\t\t\t<div class=\"elementor-element elementor-element-5fb1933 elementor-align-justify elementor-widget elementor-widget-button\" data-id=\"5fb1933\" data-element_type=\"widget\" data-e-type=\"widget\" data-widget_type=\"button.default\">\n\t\t\t\t<div class=\"elementor-widget-container\">\n\t\t\t\t\t\t\t\t\t<div class=\"elementor-button-wrapper\">\n\t\t\t\t\t<a class=\"elementor-button elementor-button-link elementor-size-sm\" href=\"https:\/\/raaf-kommunikation.de\/referenzen\/\">\n\t\t\t\t\t\t<span class=\"elementor-button-content-wrapper\">\n\t\t\t\t\t\t\t\t\t<span class=\"elementor-button-text\">REFERENZEN<\/span>\n\t\t\t\t\t<\/span>\n\t\t\t\t\t<\/a>\n\t\t\t\t<\/div>\n\t\t\t\t\t\t\t\t<\/div>\n\t\t\t\t<\/div>\n\t\t\t\t\t<\/div>\n\t\t\t\t<\/div>\n\t\t\t\t<\/div>\n\t\t","protected":false},"excerpt":{"rendered":"<p>raaf\/kommunikation: R\u00fcckruf anfordern Gespannt? Jetzt R\u00fcckruf anfordern: Geben Sie einfach Ihren Namen und Ihre Telefonnummer ein \u2013 fertig! PREISBEISPIELE ARBEITSBEISPIELE REFERENZEN<\/p>\n","protected":false},"author":3,"featured_media":0,"parent":0,"menu_order":0,"comment_status":"closed","ping_status":"closed","template":"elementor_header_footer","meta":{"inline_featured_image":false,"footnotes":""},"class_list":["post-4849","page","type-page","status-publish","hentry"],"_links":{"self":[{"href":"https:\/\/raaf-kommunikation.de\/de\/wp-json\/wp\/v2\/pages\/4849","targetHints":{"allow":["GET"]}}],"collection":[{"href":"https:\/\/raaf-kommunikation.de\/de\/wp-json\/wp\/v2\/pages"}],"about":[{"href":"https:\/\/raaf-kommunikation.de\/de\/wp-json\/wp\/v2\/types\/page"}],"author":[{"embeddable":true,"href":"https:\/\/raaf-kommunikation.de\/de\/wp-json\/wp\/v2\/users\/3"}],"replies":[{"embeddable":true,"href":"https:\/\/raaf-kommunikation.de\/de\/wp-json\/wp\/v2\/comments?post=4849"}],"version-history":[{"count":0,"href":"https:\/\/raaf-kommunikation.de\/de\/wp-json\/wp\/v2\/pages\/4849\/revisions"}],"wp:attachment":[{"href":"https:\/\/raaf-kommunikation.de\/de\/wp-json\/wp\/v2\/media?parent=4849"}],"curies":[{"name":"wp","href":"https:\/\/api.w.org\/{rel}","templated":true}]}}