{"id":12006,"date":"2025-12-03T13:08:43","date_gmt":"2025-12-03T12:08:43","guid":{"rendered":"https:\/\/raaf-kommunikation.de\/?page_id=12006"},"modified":"2026-02-19T14:36:03","modified_gmt":"2026-02-19T13:36:03","slug":"werbung-mit-garantie","status":"publish","type":"page","link":"https:\/\/raaf-kommunikation.de\/en\/werbung-mit-garantie\/","title":{"rendered":"Guarantee"},"content":{"rendered":"<div data-elementor-type=\"wp-page\" data-elementor-id=\"12006\" class=\"elementor elementor-12006\" data-elementor-post-type=\"page\">\n\t\t\t\t<div class=\"elementor-element elementor-element-46c594b0 e-flex e-con-boxed e-con e-parent\" data-id=\"46c594b0\" data-element_type=\"container\" data-e-type=\"container\">\n\t\t\t\t\t<div class=\"e-con-inner\">\n\t\t\t\t<div class=\"elementor-element elementor-element-534d6098 elementor-widget elementor-widget-heading\" data-id=\"534d6098\" data-element_type=\"widget\" data-e-type=\"widget\" data-widget_type=\"heading.default\">\n\t\t\t\t<div class=\"elementor-widget-container\">\n\t\t\t\t\t<h2 class=\"elementor-heading-title elementor-size-default\">Werbung mit Garantie<\/h2>\t\t\t\t<\/div>\n\t\t\t\t<\/div>\n\t\t\t\t\t<\/div>\n\t\t\t\t<\/div>\n\t\t<div class=\"elementor-element elementor-element-79efa59 e-flex e-con-boxed e-con e-parent\" data-id=\"79efa59\" data-element_type=\"container\" data-e-type=\"container\" data-settings=\"{&quot;background_background&quot;:&quot;classic&quot;}\">\n\t\t\t\t\t<div class=\"e-con-inner\">\n\t\t<div class=\"elementor-element elementor-element-b569caf e-flex e-con-boxed e-con e-child\" data-id=\"b569caf\" data-element_type=\"container\" data-e-type=\"container\" data-settings=\"{&quot;background_background&quot;:&quot;classic&quot;}\">\n\t\t\t\t\t<div class=\"e-con-inner\">\n\t\t\t\t<div class=\"elementor-element elementor-element-dbcc1a2 elementor-widget-mobile__width-initial elementor-invisible elementor-widget elementor-widget-image\" data-id=\"dbcc1a2\" data-element_type=\"widget\" data-e-type=\"widget\" data-settings=\"{&quot;_animation&quot;:&quot;bounceInDown&quot;}\" data-widget_type=\"image.default\">\n\t\t\t\t<div class=\"elementor-widget-container\">\n\t\t\t\t\t\t\t\t\t\t\t\t\t\t\t<img loading=\"lazy\" decoding=\"async\" width=\"312\" height=\"500\" src=\"https:\/\/raaf-kommunikation.de\/wp-content\/uploads\/2025\/05\/Ralf-Raaf-Actionfigur-Text-Konzept-Beratung-500-Frei.jpg\" class=\"attachment-medium_large size-medium_large wp-image-10977\" alt=\"Werbung mit Garantie \u2013Werbetext mit Garantie \u2013 Ralf Raaf als Action-Figur Konzeptioner und Texter\" srcset=\"https:\/\/raaf-kommunikation.de\/wp-content\/uploads\/2025\/05\/Ralf-Raaf-Actionfigur-Text-Konzept-Beratung-500-Frei.jpg 312w, https:\/\/raaf-kommunikation.de\/wp-content\/uploads\/2025\/05\/Ralf-Raaf-Actionfigur-Text-Konzept-Beratung-500-Frei-7x12.jpg 7w\" sizes=\"auto, (max-width: 312px) 100vw, 312px\" \/>\t\t\t\t\t\t\t\t\t\t\t\t\t\t\t<\/div>\n\t\t\t\t<\/div>\n\t\t\t\t<div class=\"elementor-element elementor-element-83d315d elementor-widget-mobile__width-initial elementor-invisible elementor-widget elementor-widget-image\" data-id=\"83d315d\" data-element_type=\"widget\" data-e-type=\"widget\" data-settings=\"{&quot;_animation&quot;:&quot;bounceInDown&quot;,&quot;_animation_delay&quot;:500}\" data-widget_type=\"image.default\">\n\t\t\t\t<div class=\"elementor-widget-container\">\n\t\t\t\t\t\t\t\t\t\t\t\t\t\t\t<img loading=\"lazy\" decoding=\"async\" width=\"313\" height=\"500\" src=\"https:\/\/raaf-kommunikation.de\/wp-content\/uploads\/2025\/05\/Ralf-Raaf-Actionfigur-Grafik-DTP-500-Frei-1.jpg\" class=\"attachment-medium_large size-medium_large wp-image-10979\" alt=\"Werbung mit Garantie \u2013Werbegrafik mit Garantie \u2013 Ralf Raaf als Action-Figur Grafiker und DTP-Spezialist \u2013 preise-fuer-dienstleistungen-in-der-werbung\" srcset=\"https:\/\/raaf-kommunikation.de\/wp-content\/uploads\/2025\/05\/Ralf-Raaf-Actionfigur-Grafik-DTP-500-Frei-1.jpg 313w, https:\/\/raaf-kommunikation.de\/wp-content\/uploads\/2025\/05\/Ralf-Raaf-Actionfigur-Grafik-DTP-500-Frei-1-8x12.jpg 8w\" sizes=\"auto, (max-width: 313px) 100vw, 313px\" \/>\t\t\t\t\t\t\t\t\t\t\t\t\t\t\t<\/div>\n\t\t\t\t<\/div>\n\t\t\t\t<div class=\"elementor-element elementor-element-2b9d16e elementor-widget-mobile__width-initial elementor-invisible elementor-widget elementor-widget-image\" data-id=\"2b9d16e\" data-element_type=\"widget\" data-e-type=\"widget\" data-settings=\"{&quot;_animation&quot;:&quot;bounceInDown&quot;,&quot;_animation_delay&quot;:1000}\" data-widget_type=\"image.default\">\n\t\t\t\t<div class=\"elementor-widget-container\">\n\t\t\t\t\t\t\t\t\t\t\t\t\t\t\t<img loading=\"lazy\" decoding=\"async\" width=\"313\" height=\"500\" src=\"https:\/\/raaf-kommunikation.de\/wp-content\/uploads\/2025\/05\/Ralf-Raaf-Actionfigur-Webdesign-500-Frei.jpg\" class=\"attachment-medium_large size-medium_large wp-image-10978\" alt=\"Webdesign mit Garantie \u2013 Ralf Raaf als Action-Figur Webdesigner\" srcset=\"https:\/\/raaf-kommunikation.de\/wp-content\/uploads\/2025\/05\/Ralf-Raaf-Actionfigur-Webdesign-500-Frei.jpg 313w, https:\/\/raaf-kommunikation.de\/wp-content\/uploads\/2025\/05\/Ralf-Raaf-Actionfigur-Webdesign-500-Frei-8x12.jpg 8w\" sizes=\"auto, (max-width: 313px) 100vw, 313px\" \/>\t\t\t\t\t\t\t\t\t\t\t\t\t\t\t<\/div>\n\t\t\t\t<\/div>\n\t\t\t\t<div class=\"elementor-element elementor-element-e219769 elementor-widget-mobile__width-initial elementor-invisible elementor-widget elementor-widget-image\" data-id=\"e219769\" data-element_type=\"widget\" data-e-type=\"widget\" data-settings=\"{&quot;_animation&quot;:&quot;bounceInDown&quot;,&quot;_animation_delay&quot;:1500}\" data-widget_type=\"image.default\">\n\t\t\t\t<div class=\"elementor-widget-container\">\n\t\t\t\t\t\t\t\t\t\t\t\t\t\t\t<img loading=\"lazy\" decoding=\"async\" width=\"312\" height=\"500\" src=\"https:\/\/raaf-kommunikation.de\/wp-content\/uploads\/2025\/05\/Ralf-Raaf-Actionfigur-Fotograf-500-Frei.jpg\" class=\"attachment-medium_large size-medium_large wp-image-10975\" alt=\"Werbung mit Garantie \u2013Werbefotografie mit Garantie \u2013 Ralf Raaf als Action-Figur Fotograf und Videograf\" srcset=\"https:\/\/raaf-kommunikation.de\/wp-content\/uploads\/2025\/05\/Ralf-Raaf-Actionfigur-Fotograf-500-Frei.jpg 312w, https:\/\/raaf-kommunikation.de\/wp-content\/uploads\/2025\/05\/Ralf-Raaf-Actionfigur-Fotograf-500-Frei-7x12.jpg 7w\" sizes=\"auto, (max-width: 312px) 100vw, 312px\" \/>\t\t\t\t\t\t\t\t\t\t\t\t\t\t\t<\/div>\n\t\t\t\t<\/div>\n\t\t\t\t\t<\/div>\n\t\t\t\t<\/div>\n\t\t\t\t\t<\/div>\n\t\t\t\t<\/div>\n\t\t<div class=\"elementor-element elementor-element-c382e63 e-flex e-con-boxed e-con e-child\" data-id=\"c382e63\" data-element_type=\"container\" data-e-type=\"container\" data-settings=\"{&quot;background_background&quot;:&quot;classic&quot;}\">\n\t\t\t\t\t<div class=\"e-con-inner\">\n\t\t<div class=\"elementor-element elementor-element-ed03c5d e-con-full e-flex e-con e-child\" data-id=\"ed03c5d\" data-element_type=\"container\" data-e-type=\"container\">\n\t\t\t\t<div class=\"elementor-element elementor-element-2e96251 elementor-widget elementor-widget-image\" data-id=\"2e96251\" data-element_type=\"widget\" data-e-type=\"widget\" data-widget_type=\"image.default\">\n\t\t\t\t<div class=\"elementor-widget-container\">\n\t\t\t\t\t\t\t\t\t\t\t\t\t\t\t<img wpfc-lazyload-disable=\"true\" loading=\"lazy\" decoding=\"async\" width=\"497\" height=\"500\" src=\"https:\/\/raaf-kommunikation.de\/wp-content\/uploads\/2026\/02\/Hand-drauf-Garantie-500-infinite.webp\" class=\"attachment-medium size-medium wp-image-12894\" alt=\"raaf\/ kommunikation \u2013 Werbung mit Garantie \u2013 Siegel Hand-drauf-Garantie\" \/>\t\t\t\t\t\t\t\t\t\t\t\t\t\t\t<\/div>\n\t\t\t\t<\/div>\n\t\t\t\t<\/div>\n\t\t<div class=\"elementor-element elementor-element-3c33a88 e-flex e-con-boxed e-con e-child\" data-id=\"3c33a88\" data-element_type=\"container\" data-e-type=\"container\" data-settings=\"{&quot;background_background&quot;:&quot;classic&quot;}\">\n\t\t\t\t\t<div class=\"e-con-inner\">\n\t\t\t\t<div class=\"elementor-element elementor-element-e9876a6 elementor-widget elementor-widget-heading\" data-id=\"e9876a6\" data-element_type=\"widget\" data-e-type=\"widget\" data-widget_type=\"heading.default\">\n\t\t\t\t<div class=\"elementor-widget-container\">\n\t\t\t\t\t<h1 class=\"elementor-heading-title elementor-size-default\">Good work. Guaranteed!<\/h1>\t\t\t\t<\/div>\n\t\t\t\t<\/div>\n\t\t\t\t<div class=\"elementor-element elementor-element-9a10be1 elementor-widget elementor-widget-heading\" data-id=\"9a10be1\" data-element_type=\"widget\" data-e-type=\"widget\" data-widget_type=\"heading.default\">\n\t\t\t\t<div class=\"elementor-widget-container\">\n\t\t\t\t\t<h2 class=\"elementor-heading-title elementor-size-default\">You don't like my work?\n<br><b>Then you don't pay either.<\/b><\/h2>\t\t\t\t<\/div>\n\t\t\t\t<\/div>\n\t\t\t\t<div class=\"elementor-element elementor-element-cd2ade4 elementor-widget elementor-widget-heading\" data-id=\"cd2ade4\" data-element_type=\"widget\" data-e-type=\"widget\" data-widget_type=\"heading.default\">\n\t\t\t\t<div class=\"elementor-widget-container\">\n\t\t\t\t\t<h2 class=\"elementor-heading-title elementor-size-default\">Quite simply.<\/h2>\t\t\t\t<\/div>\n\t\t\t\t<\/div>\n\t\t\t\t<div class=\"elementor-element elementor-element-259c631 elementor-widget elementor-widget-text-editor\" data-id=\"259c631\" data-element_type=\"widget\" data-e-type=\"widget\" data-widget_type=\"text-editor.default\">\n\t\t\t\t<div class=\"elementor-widget-container\">\n\t\t\t\t\t\t\t\t\t<p>You don't know me yet and would like to see for yourself that my texts, layouts, web designs and photography really suit your company \u2013 and that you like them?<\/p><p>Don't want to take any financial risks?<\/p><p>No problem, because if you are not satisfied with my work after three revisions, we will simply cancel the collaboration and I will not send you an invoice.<\/p><p>Of course, this only works at the beginning of our collaboration \u2013 and you are not allowed to use the results of my work. But that's not what you want ...<\/p><p>Apart from that, I'm very accommodating and we can always talk about anything.<\/p>\t\t\t\t\t\t\t\t<\/div>\n\t\t\t\t<\/div>\n\t\t\t\t\t<\/div>\n\t\t\t\t<\/div>\n\t\t\t\t\t<\/div>\n\t\t\t\t<\/div>\n\t\t<div class=\"elementor-element elementor-element-f4e78d5 e-flex e-con-boxed e-con e-parent\" data-id=\"f4e78d5\" data-element_type=\"container\" data-e-type=\"container\" data-settings=\"{&quot;background_background&quot;:&quot;classic&quot;}\">\n\t\t\t\t\t<div class=\"e-con-inner\">\n\t\t\t\t<div class=\"elementor-element elementor-element-5a0a6374 elementor-align-justify elementor-widget elementor-widget-button\" data-id=\"5a0a6374\" data-element_type=\"widget\" data-e-type=\"widget\" data-widget_type=\"button.default\">\n\t\t\t\t<div class=\"elementor-widget-container\">\n\t\t\t\t\t\t\t\t\t<div class=\"elementor-button-wrapper\">\n\t\t\t\t\t<a class=\"elementor-button elementor-button-link elementor-size-sm\" href=\"https:\/\/raaf-kommunikation.de\/en\/preise-fuer-dienstleistungen-in-der-werbung\/\">\n\t\t\t\t\t\t<span class=\"elementor-button-content-wrapper\">\n\t\t\t\t\t\t\t\t\t<span class=\"elementor-button-text\">PRICE EXAMPLES<\/span>\n\t\t\t\t\t<\/span>\n\t\t\t\t\t<\/a>\n\t\t\t\t<\/div>\n\t\t\t\t\t\t\t\t<\/div>\n\t\t\t\t<\/div>\n\t\t\t\t<div class=\"elementor-element elementor-element-cc7fc23 elementor-align-justify elementor-widget elementor-widget-button\" data-id=\"cc7fc23\" data-element_type=\"widget\" data-e-type=\"widget\" data-widget_type=\"button.default\">\n\t\t\t\t<div class=\"elementor-widget-container\">\n\t\t\t\t\t\t\t\t\t<div class=\"elementor-button-wrapper\">\n\t\t\t\t\t<a class=\"elementor-button elementor-button-link elementor-size-sm\" href=\"https:\/\/raaf-kommunikation.de\/en\/arbeitsbeispiele-werbeagentur-werbetext-werbegrafik\/\">\n\t\t\t\t\t\t<span class=\"elementor-button-content-wrapper\">\n\t\t\t\t\t\t\t\t\t<span class=\"elementor-button-text\">WORK EXAMPLES<\/span>\n\t\t\t\t\t<\/span>\n\t\t\t\t\t<\/a>\n\t\t\t\t<\/div>\n\t\t\t\t\t\t\t\t<\/div>\n\t\t\t\t<\/div>\n\t\t\t\t<div class=\"elementor-element elementor-element-7eb13e4 elementor-align-justify elementor-widget elementor-widget-button\" data-id=\"7eb13e4\" data-element_type=\"widget\" data-e-type=\"widget\" data-widget_type=\"button.default\">\n\t\t\t\t<div class=\"elementor-widget-container\">\n\t\t\t\t\t\t\t\t\t<div class=\"elementor-button-wrapper\">\n\t\t\t\t\t<a class=\"elementor-button elementor-button-link elementor-size-sm\" href=\"https:\/\/raaf-kommunikation.de\/en\/referenzen\/\">\n\t\t\t\t\t\t<span class=\"elementor-button-content-wrapper\">\n\t\t\t\t\t\t\t\t\t<span class=\"elementor-button-text\">REFERENCES<\/span>\n\t\t\t\t\t<\/span>\n\t\t\t\t\t<\/a>\n\t\t\t\t<\/div>\n\t\t\t\t\t\t\t\t<\/div>\n\t\t\t\t<\/div>\n\t\t\t\t\t<\/div>\n\t\t\t\t<\/div>\n\t\t\t\t<\/div>","protected":false},"excerpt":{"rendered":"<p>Werbung mit Garantie Gute Arbeit. Garantiert! Meine Arbeit gef\u00e4llt Ihnen nicht? Dann zahlen Sie auch nicht. Ganz einfach. Sie kennen mich noch nicht und m\u00f6chten sich erstmal \u00fcberzeugen, dass meine Texte, Layouts, Webdesigns und Fotoarbeiten wirklich zu Ihrem Unternehmen passen \u2013 und Ihnen gefallen? Dabei wollen Sie kein finanzielles Risiko eingehen? Kein Problem, denn wenn [&hellip;]<\/p>\n","protected":false},"author":3,"featured_media":0,"parent":0,"menu_order":0,"comment_status":"closed","ping_status":"closed","template":"","meta":{"inline_featured_image":false,"footnotes":""},"class_list":["post-12006","page","type-page","status-publish","hentry"],"_links":{"self":[{"href":"https:\/\/raaf-kommunikation.de\/en\/wp-json\/wp\/v2\/pages\/12006","targetHints":{"allow":["GET"]}}],"collection":[{"href":"https:\/\/raaf-kommunikation.de\/en\/wp-json\/wp\/v2\/pages"}],"about":[{"href":"https:\/\/raaf-kommunikation.de\/en\/wp-json\/wp\/v2\/types\/page"}],"author":[{"embeddable":true,"href":"https:\/\/raaf-kommunikation.de\/en\/wp-json\/wp\/v2\/users\/3"}],"replies":[{"embeddable":true,"href":"https:\/\/raaf-kommunikation.de\/en\/wp-json\/wp\/v2\/comments?post=12006"}],"version-history":[{"count":3,"href":"https:\/\/raaf-kommunikation.de\/en\/wp-json\/wp\/v2\/pages\/12006\/revisions"}],"predecessor-version":[{"id":12897,"href":"https:\/\/raaf-kommunikation.de\/en\/wp-json\/wp\/v2\/pages\/12006\/revisions\/12897"}],"wp:attachment":[{"href":"https:\/\/raaf-kommunikation.de\/en\/wp-json\/wp\/v2\/media?parent=12006"}],"curies":[{"name":"wp","href":"https:\/\/api.w.org\/{rel}","templated":true}]}}