{"id":37,"date":"2023-11-16T19:22:12","date_gmt":"2023-11-16T18:22:12","guid":{"rendered":"https:\/\/raaf-kommunikation.de\/kundenstimmen\/"},"modified":"2026-01-29T21:33:12","modified_gmt":"2026-01-29T20:33:12","slug":"kundenstimmen","status":"publish","type":"page","link":"https:\/\/raaf-kommunikation.de\/en\/kundenstimmen\/","title":{"rendered":"Testimonials"},"content":{"rendered":"<div data-elementor-type=\"wp-page\" data-elementor-id=\"37\" class=\"elementor elementor-37\" data-elementor-post-type=\"page\">\n\t\t\t\t<div class=\"elementor-element elementor-element-71a876bf e-flex e-con-boxed e-con e-parent\" data-id=\"71a876bf\" data-element_type=\"container\" data-e-type=\"container\">\n\t\t\t\t\t<div class=\"e-con-inner\">\n\t\t\t\t<div class=\"elementor-element elementor-element-84a3c6b elementor-widget elementor-widget-heading\" data-id=\"84a3c6b\" data-element_type=\"widget\" data-e-type=\"widget\" data-widget_type=\"heading.default\">\n\t\t\t\t<div class=\"elementor-widget-container\">\n\t\t\t\t\t<h1 class=\"elementor-heading-title elementor-size-default\"><b>Testimonials<\/b><br>What my clients say about me ...<\/h1>\t\t\t\t<\/div>\n\t\t\t\t<\/div>\n\t\t\t\t\t<\/div>\n\t\t\t\t<\/div>\n\t\t<div class=\"elementor-element elementor-element-c382e63 e-con-full e-flex e-con e-child\" data-id=\"c382e63\" data-element_type=\"container\" data-e-type=\"container\" data-settings=\"{&quot;background_background&quot;:&quot;classic&quot;}\">\n\t\t<div class=\"elementor-element elementor-element-3c33a88 e-flex e-con-boxed e-con e-child\" data-id=\"3c33a88\" data-element_type=\"container\" data-e-type=\"container\" data-settings=\"{&quot;background_background&quot;:&quot;classic&quot;}\">\n\t\t\t\t\t<div class=\"e-con-inner\">\n\t\t\t\t<div class=\"elementor-element elementor-element-25ad8bb uael-post__link-complete-yes elementor-widget elementor-widget-uael-posts\" data-id=\"25ad8bb\" data-element_type=\"widget\" data-e-type=\"widget\" data-settings=\"{&quot;card_slides_to_show&quot;:3,&quot;card_slides_to_show_tablet&quot;:2,&quot;card_slides_to_show_mobile&quot;:1,&quot;card_show_filters&quot;:&quot;no&quot;}\" data-widget_type=\"uael-posts.card\">\n\t\t\t\t<div class=\"elementor-widget-container\">\n\t\t\t\t\t\t\t<div class=\"uael-post__header\">\n\t\t\t\t\t<\/div>\n\t\t<div class=\"uael-post__body\">\n\t\t\t\n\t\t\n\t\t<div class=\"uael-post-grid uael-posts\" data-query-type=\"custom\" data-structure=\"normal\" data-layout=\"\" data-page=\"37\" data-skin=\"card\" data-filter-default=\"\" data-offset-top=\"30\" >\n\n\t\t\t\t\t\t\t<div class=\"uael-post-grid__inner uael-post__columns-3 uael-post__columns-tablet-2 uael-post__columns-mobile-1\">\n\t\t\t\n<div class=\"uael-post-wrapper   kundenstimmen\">\n\t<div class=\"uael-post__bg-wrap\">\n\n\t\t\t\t\t<a href=\"https:\/\/raaf-kommunikation.de\/en\/gerd-wellhausen\/\" target=\"_blank\" class=\"uael-post__complete-box-overlay\" aria-label=\"Link Complete Box\"><\/a>\n\t\t\t\t\n\t\t<div class=\"uael-post__inner-wrap\">\n\n\t\t\t\t<div class=\"uael-post__thumbnail\">\n\t\t\t\n\t\t\t<a href=\"https:\/\/raaf-kommunikation.de\/en\/gerd-wellhausen\/\" target=\"_self\" title=\"Gerd Wellhausen\"><img loading=\"lazy\" decoding=\"async\" width=\"1142\" height=\"1142\" src=\"https:\/\/raaf-kommunikation.de\/wp-content\/uploads\/2025\/03\/gwn2024_2-topaz-low-resolution-v2-2x-4.jpg\" class=\"attachment-full size-full wp-image-10461\" alt=\"Kundenstimmen: Beitragsbild Gerd Wellhausen\" srcset=\"https:\/\/raaf-kommunikation.de\/wp-content\/uploads\/2025\/03\/gwn2024_2-topaz-low-resolution-v2-2x-4.jpg 1142w, https:\/\/raaf-kommunikation.de\/wp-content\/uploads\/2025\/03\/gwn2024_2-topaz-low-resolution-v2-2x-4-720x720.jpg 720w, https:\/\/raaf-kommunikation.de\/wp-content\/uploads\/2025\/03\/gwn2024_2-topaz-low-resolution-v2-2x-4-300x300.jpg 300w, https:\/\/raaf-kommunikation.de\/wp-content\/uploads\/2025\/03\/gwn2024_2-topaz-low-resolution-v2-2x-4-768x768.jpg 768w, https:\/\/raaf-kommunikation.de\/wp-content\/uploads\/2025\/03\/gwn2024_2-topaz-low-resolution-v2-2x-4-12x12.jpg 12w\" sizes=\"auto, (max-width: 1142px) 100vw, 1142px\" \/><\/a>\n\t\t\t\t\t<\/div>\n\t\t\n\t\t\t\n\t\t\t<div class=\"uael-post__content-wrap\">\n\n\t\t\t\t\t<h4 class=\"uael-post__title\">\n\n\t\t\n\t\t\t\t\t\t<a href=\"https:\/\/raaf-kommunikation.de\/en\/gerd-wellhausen\/\" target=\"_blank\">\n\t\t\t\tGerd Wellhausen\t\t\t<\/a>\n\n\t\t\t\t<\/h4>\n\t\t<div class=\"uael-post__separator\"><\/div>\n\t\t<div class=\"uael-post__excerpt\">\n\t\t\t| Product &amp; Marketing Manager at Pioneer Electronics Germany | Ralf Raaf has been our external all-round freelancer for text, graphics, web and all services related to the electronics industry for over 10 ...\t\t<\/div>\n\n\t\t\t\t\t<a class=\"uael-post__read-more elementor-button\" href=\"https:\/\/raaf-kommunikation.de\/en\/gerd-wellhausen\/\" target=\"_blank\" aria-labelledby=\"uael-post-10245\">\n\t\t\t\t\t<span class=\"elementor-button-content-wrapper\">\n\t\t\t\t\t\t\t\t\t\t\t\t\t\t<span class=\"elementor-button-icon elementor-align-icon-left\">\n\n\t\t\t\t\t\t\t\t\t\n\t\t\t\t\t\t\t\t<\/span>\n\t\t\t\t\t\t\t\t\t\t\t\t\t\n\t\t\t\t\t\t<span class=\"elementor-button-text\" id=\"uael-post-10245\">Read more<\/span>\n\t\t\t\t\t<\/span>\n\t\t\t\t<\/a>\n\t\t\t\t\t\t<\/div>\n\t\t\t\n\t\t<\/div>\n\t\t\n\t<\/div>\n\n<\/div>\n\n<div class=\"uael-post-wrapper   kundenstimmen\">\n\t<div class=\"uael-post__bg-wrap\">\n\n\t\t\t\t\t<a href=\"https:\/\/raaf-kommunikation.de\/en\/nicola-humphreys\/\" target=\"_blank\" class=\"uael-post__complete-box-overlay\" aria-label=\"Link Complete Box\"><\/a>\n\t\t\t\t\n\t\t<div class=\"uael-post__inner-wrap\">\n\n\t\t\t\t<div class=\"uael-post__thumbnail\">\n\t\t\t\n\t\t\t<a href=\"https:\/\/raaf-kommunikation.de\/en\/nicola-humphreys\/\" target=\"_self\" title=\"Nicola Humphreys\"><img loading=\"lazy\" decoding=\"async\" width=\"800\" height=\"800\" src=\"https:\/\/raaf-kommunikation.de\/wp-content\/uploads\/2025\/04\/protrait-foto-nicola-humphreys-imprimatur.jpeg\" class=\"attachment-full size-full wp-image-11209\" alt=\"Kundenstimmen: portrait of nicola humphreys, imprimatur\" srcset=\"https:\/\/raaf-kommunikation.de\/wp-content\/uploads\/2025\/04\/protrait-foto-nicola-humphreys-imprimatur.jpeg 800w, https:\/\/raaf-kommunikation.de\/wp-content\/uploads\/2025\/04\/protrait-foto-nicola-humphreys-imprimatur-720x720.jpeg 720w, https:\/\/raaf-kommunikation.de\/wp-content\/uploads\/2025\/04\/protrait-foto-nicola-humphreys-imprimatur-300x300.jpeg 300w, https:\/\/raaf-kommunikation.de\/wp-content\/uploads\/2025\/04\/protrait-foto-nicola-humphreys-imprimatur-768x768.jpeg 768w, https:\/\/raaf-kommunikation.de\/wp-content\/uploads\/2025\/04\/protrait-foto-nicola-humphreys-imprimatur-12x12.jpeg 12w\" sizes=\"auto, (max-width: 800px) 100vw, 800px\" \/><\/a>\n\t\t\t\t\t<\/div>\n\t\t\n\t\t\t\n\t\t\t<div class=\"uael-post__content-wrap\">\n\n\t\t\t\t\t<h4 class=\"uael-post__title\">\n\n\t\t\n\t\t\t\t\t\t<a href=\"https:\/\/raaf-kommunikation.de\/en\/nicola-humphreys\/\" target=\"_blank\">\n\t\t\t\tNicola Humphreys\t\t\t<\/a>\n\n\t\t\t\t<\/h4>\n\t\t<div class=\"uael-post__separator\"><\/div>\n\t\t<div class=\"uael-post__excerpt\">\n\t\t\t| Gr\u00fcnderin und Gesch\u00e4ftsf\u00fchrerin Imprimatur |\u00a0 | Founder and Managing Director Imprimatur |\u00a0 Als wir 2017 auf Xing nach einem neuen deutschen Lektor suchten, stie\u00dfen wir auf Ralfs Profil und ...\t\t<\/div>\n\n\t\t\t\t\t<a class=\"uael-post__read-more elementor-button\" href=\"https:\/\/raaf-kommunikation.de\/en\/nicola-humphreys\/\" target=\"_blank\" aria-labelledby=\"uael-post-10487\">\n\t\t\t\t\t<span class=\"elementor-button-content-wrapper\">\n\t\t\t\t\t\t\t\t\t\t\t\t\t\t<span class=\"elementor-button-icon elementor-align-icon-left\">\n\n\t\t\t\t\t\t\t\t\t\n\t\t\t\t\t\t\t\t<\/span>\n\t\t\t\t\t\t\t\t\t\t\t\t\t\n\t\t\t\t\t\t<span class=\"elementor-button-text\" id=\"uael-post-10487\">Read more<\/span>\n\t\t\t\t\t<\/span>\n\t\t\t\t<\/a>\n\t\t\t\t\t\t<\/div>\n\t\t\t\n\t\t<\/div>\n\t\t\n\t<\/div>\n\n<\/div>\n\n<div class=\"uael-post-wrapper   kundenstimmen\">\n\t<div class=\"uael-post__bg-wrap\">\n\n\t\t\t\t\t<a href=\"https:\/\/raaf-kommunikation.de\/en\/frank-roebers\/\" target=\"_blank\" class=\"uael-post__complete-box-overlay\" aria-label=\"Link Complete Box\"><\/a>\n\t\t\t\t\n\t\t<div class=\"uael-post__inner-wrap\">\n\n\t\t\t\t<div class=\"uael-post__thumbnail\">\n\t\t\t\n\t\t\t<a href=\"https:\/\/raaf-kommunikation.de\/en\/frank-roebers\/\" target=\"_self\" title=\"Frank Roebers\"><img loading=\"lazy\" decoding=\"async\" width=\"801\" height=\"801\" src=\"https:\/\/raaf-kommunikation.de\/wp-content\/uploads\/2025\/03\/frank_roebers_800x800_5.jpg\" class=\"attachment-full size-full wp-image-10157\" alt=\"Kundenstimmen: Portrait Frank Roebers\" srcset=\"https:\/\/raaf-kommunikation.de\/wp-content\/uploads\/2025\/03\/frank_roebers_800x800_5.jpg 801w, https:\/\/raaf-kommunikation.de\/wp-content\/uploads\/2025\/03\/frank_roebers_800x800_5-720x720.jpg 720w, https:\/\/raaf-kommunikation.de\/wp-content\/uploads\/2025\/03\/frank_roebers_800x800_5-300x300.jpg 300w, https:\/\/raaf-kommunikation.de\/wp-content\/uploads\/2025\/03\/frank_roebers_800x800_5-768x768.jpg 768w, https:\/\/raaf-kommunikation.de\/wp-content\/uploads\/2025\/03\/frank_roebers_800x800_5-12x12.jpg 12w\" sizes=\"auto, (max-width: 801px) 100vw, 801px\" \/><\/a>\n\t\t\t\t\t<\/div>\n\t\t\n\t\t\t\n\t\t\t<div class=\"uael-post__content-wrap\">\n\n\t\t\t\t\t<h4 class=\"uael-post__title\">\n\n\t\t\n\t\t\t\t\t\t<a href=\"https:\/\/raaf-kommunikation.de\/en\/frank-roebers\/\" target=\"_blank\">\n\t\t\t\tFrank Roebers\t\t\t<\/a>\n\n\t\t\t\t<\/h4>\n\t\t<div class=\"uael-post__separator\"><\/div>\n\t\t<div class=\"uael-post__excerpt\">\n\t\t\t| Co-Managing Director of einsnulleins GmbH and Chairman of the Executive Board of SYNAXON AG until 31 December 2024 | I met Ralf Raaf, who was still called Hildebrand at the time, in 2020 and got on very well straight away ...\t\t<\/div>\n\n\t\t\t\t\t<a class=\"uael-post__read-more elementor-button\" href=\"https:\/\/raaf-kommunikation.de\/en\/frank-roebers\/\" target=\"_blank\" aria-labelledby=\"uael-post-10029\">\n\t\t\t\t\t<span class=\"elementor-button-content-wrapper\">\n\t\t\t\t\t\t\t\t\t\t\t\t\t\t<span class=\"elementor-button-icon elementor-align-icon-left\">\n\n\t\t\t\t\t\t\t\t\t\n\t\t\t\t\t\t\t\t<\/span>\n\t\t\t\t\t\t\t\t\t\t\t\t\t\n\t\t\t\t\t\t<span class=\"elementor-button-text\" id=\"uael-post-10029\">Read more<\/span>\n\t\t\t\t\t<\/span>\n\t\t\t\t<\/a>\n\t\t\t\t\t\t<\/div>\n\t\t\t\n\t\t<\/div>\n\t\t\n\t<\/div>\n\n<\/div>\n\n<div class=\"uael-post-wrapper   kundenstimmen\">\n\t<div class=\"uael-post__bg-wrap\">\n\n\t\t\t\t\t<a href=\"https:\/\/raaf-kommunikation.de\/en\/ulrike-vettermann\/\" target=\"_blank\" class=\"uael-post__complete-box-overlay\" aria-label=\"Link Complete Box\"><\/a>\n\t\t\t\t\n\t\t<div class=\"uael-post__inner-wrap\">\n\n\t\t\t\t<div class=\"uael-post__thumbnail\">\n\t\t\t\n\t\t\t<a href=\"https:\/\/raaf-kommunikation.de\/en\/ulrike-vettermann\/\" target=\"_self\" title=\"Ulrike Vettermann\"><img loading=\"lazy\" decoding=\"async\" width=\"800\" height=\"800\" src=\"https:\/\/raaf-kommunikation.de\/wp-content\/uploads\/2025\/03\/Portrait-Ulrike-Vettermann_800x800_5.jpg\" class=\"attachment-full size-full wp-image-10166\" alt=\"Kundenstimmen: Portrait Ulrike Vettermann\" srcset=\"https:\/\/raaf-kommunikation.de\/wp-content\/uploads\/2025\/03\/Portrait-Ulrike-Vettermann_800x800_5.jpg 800w, https:\/\/raaf-kommunikation.de\/wp-content\/uploads\/2025\/03\/Portrait-Ulrike-Vettermann_800x800_5-720x720.jpg 720w, https:\/\/raaf-kommunikation.de\/wp-content\/uploads\/2025\/03\/Portrait-Ulrike-Vettermann_800x800_5-300x300.jpg 300w, https:\/\/raaf-kommunikation.de\/wp-content\/uploads\/2025\/03\/Portrait-Ulrike-Vettermann_800x800_5-768x768.jpg 768w, https:\/\/raaf-kommunikation.de\/wp-content\/uploads\/2025\/03\/Portrait-Ulrike-Vettermann_800x800_5-12x12.jpg 12w\" sizes=\"auto, (max-width: 800px) 100vw, 800px\" \/><\/a>\n\t\t\t\t\t<\/div>\n\t\t\n\t\t\t\n\t\t\t<div class=\"uael-post__content-wrap\">\n\n\t\t\t\t\t<h4 class=\"uael-post__title\">\n\n\t\t\n\t\t\t\t\t\t<a href=\"https:\/\/raaf-kommunikation.de\/en\/ulrike-vettermann\/\" target=\"_blank\">\n\t\t\t\tUlrike Vettermann\t\t\t<\/a>\n\n\t\t\t\t<\/h4>\n\t\t<div class=\"uael-post__separator\"><\/div>\n\t\t<div class=\"uael-post__excerpt\">\n\t\t\t| 1998-2025 Managing owner of Buchbinderei Schaumann GmbH, Darmstadt | We - my husband Reiner and I - got to know Ralf Raaf through our stand builder Axel von Hagen - that was ...\t\t<\/div>\n\n\t\t\t\t\t<a class=\"uael-post__read-more elementor-button\" href=\"https:\/\/raaf-kommunikation.de\/en\/ulrike-vettermann\/\" target=\"_blank\" aria-labelledby=\"uael-post-10164\">\n\t\t\t\t\t<span class=\"elementor-button-content-wrapper\">\n\t\t\t\t\t\t\t\t\t\t\t\t\t\t<span class=\"elementor-button-icon elementor-align-icon-left\">\n\n\t\t\t\t\t\t\t\t\t\n\t\t\t\t\t\t\t\t<\/span>\n\t\t\t\t\t\t\t\t\t\t\t\t\t\n\t\t\t\t\t\t<span class=\"elementor-button-text\" id=\"uael-post-10164\">Read more<\/span>\n\t\t\t\t\t<\/span>\n\t\t\t\t<\/a>\n\t\t\t\t\t\t<\/div>\n\t\t\t\n\t\t<\/div>\n\t\t\n\t<\/div>\n\n<\/div>\n\n<div class=\"uael-post-wrapper   kundenstimmen\">\n\t<div class=\"uael-post__bg-wrap\">\n\n\t\t\t\t\t<a href=\"https:\/\/raaf-kommunikation.de\/en\/lotte-huybrechts\/\" target=\"_blank\" class=\"uael-post__complete-box-overlay\" aria-label=\"Link Complete Box\"><\/a>\n\t\t\t\t\n\t\t<div class=\"uael-post__inner-wrap\">\n\n\t\t\t\t<div class=\"uael-post__thumbnail\">\n\t\t\t\n\t\t\t<a href=\"https:\/\/raaf-kommunikation.de\/en\/lotte-huybrechts\/\" target=\"_self\" title=\"Lotte Huybrechts\"><img loading=\"lazy\" decoding=\"async\" width=\"2560\" height=\"2560\" src=\"https:\/\/raaf-kommunikation.de\/wp-content\/uploads\/2025\/06\/Lotte-Huybrechts-scaled.jpg\" class=\"attachment-full size-full wp-image-11246\" alt=\"Kundenstimmen: Portrait Foto of Lotte Huybrechts, VML Belgium\" srcset=\"https:\/\/raaf-kommunikation.de\/wp-content\/uploads\/2025\/06\/Lotte-Huybrechts-scaled.jpg 2560w, https:\/\/raaf-kommunikation.de\/wp-content\/uploads\/2025\/06\/Lotte-Huybrechts-720x720.jpg 720w, https:\/\/raaf-kommunikation.de\/wp-content\/uploads\/2025\/06\/Lotte-Huybrechts-1920x1920.jpg 1920w, https:\/\/raaf-kommunikation.de\/wp-content\/uploads\/2025\/06\/Lotte-Huybrechts-300x300.jpg 300w, https:\/\/raaf-kommunikation.de\/wp-content\/uploads\/2025\/06\/Lotte-Huybrechts-768x768.jpg 768w, https:\/\/raaf-kommunikation.de\/wp-content\/uploads\/2025\/06\/Lotte-Huybrechts-1536x1536.jpg 1536w, https:\/\/raaf-kommunikation.de\/wp-content\/uploads\/2025\/06\/Lotte-Huybrechts-2048x2048.jpg 2048w, https:\/\/raaf-kommunikation.de\/wp-content\/uploads\/2025\/06\/Lotte-Huybrechts-12x12.jpg 12w\" sizes=\"auto, (max-width: 2560px) 100vw, 2560px\" \/><\/a>\n\t\t\t\t\t<\/div>\n\t\t\n\t\t\t\n\t\t\t<div class=\"uael-post__content-wrap\">\n\n\t\t\t\t\t<h4 class=\"uael-post__title\">\n\n\t\t\n\t\t\t\t\t\t<a href=\"https:\/\/raaf-kommunikation.de\/en\/lotte-huybrechts\/\" target=\"_blank\">\n\t\t\t\tLotte Huybrechts\t\t\t<\/a>\n\n\t\t\t\t<\/h4>\n\t\t<div class=\"uael-post__separator\"><\/div>\n\t\t<div class=\"uael-post__excerpt\">\n\t\t\t| Client Director at VML Belgium |\u00a0 Ralf kam 2007 zu uns, als wir (damals Thesedays, sp\u00e4ter Wunderman \/ Wunderman\/Thompson, heute VML Belgium NV) die neue europaweite Website f\u00fcr Pioneer ...\t\t<\/div>\n\n\t\t\t\t\t<a class=\"uael-post__read-more elementor-button\" href=\"https:\/\/raaf-kommunikation.de\/en\/lotte-huybrechts\/\" target=\"_blank\" aria-labelledby=\"uael-post-11242\">\n\t\t\t\t\t<span class=\"elementor-button-content-wrapper\">\n\t\t\t\t\t\t\t\t\t\t\t\t\t\t<span class=\"elementor-button-icon elementor-align-icon-left\">\n\n\t\t\t\t\t\t\t\t\t\n\t\t\t\t\t\t\t\t<\/span>\n\t\t\t\t\t\t\t\t\t\t\t\t\t\n\t\t\t\t\t\t<span class=\"elementor-button-text\" id=\"uael-post-11242\">Read more<\/span>\n\t\t\t\t\t<\/span>\n\t\t\t\t<\/a>\n\t\t\t\t\t\t<\/div>\n\t\t\t\n\t\t<\/div>\n\t\t\n\t<\/div>\n\n<\/div>\n\n<div class=\"uael-post-wrapper   kundenstimmen\">\n\t<div class=\"uael-post__bg-wrap\">\n\n\t\t\t\t\t<a href=\"https:\/\/raaf-kommunikation.de\/en\/lars-petersen\/\" target=\"_blank\" class=\"uael-post__complete-box-overlay\" aria-label=\"Link Complete Box\"><\/a>\n\t\t\t\t\n\t\t<div class=\"uael-post__inner-wrap\">\n\n\t\t\t\t<div class=\"uael-post__thumbnail\">\n\t\t\t\n\t\t\t<a href=\"https:\/\/raaf-kommunikation.de\/en\/lars-petersen\/\" target=\"_self\" title=\"Lars Petersen\"><img loading=\"lazy\" decoding=\"async\" width=\"800\" height=\"800\" src=\"https:\/\/raaf-kommunikation.de\/wp-content\/uploads\/2025\/04\/Portrait-Lars-Dieckmann.jpg\" class=\"attachment-full size-full wp-image-10553\" alt=\"Portrait Lars Dieckmann\" srcset=\"https:\/\/raaf-kommunikation.de\/wp-content\/uploads\/2025\/04\/Portrait-Lars-Dieckmann.jpg 800w, https:\/\/raaf-kommunikation.de\/wp-content\/uploads\/2025\/04\/Portrait-Lars-Dieckmann-720x720.jpg 720w, https:\/\/raaf-kommunikation.de\/wp-content\/uploads\/2025\/04\/Portrait-Lars-Dieckmann-300x300.jpg 300w, https:\/\/raaf-kommunikation.de\/wp-content\/uploads\/2025\/04\/Portrait-Lars-Dieckmann-768x768.jpg 768w, https:\/\/raaf-kommunikation.de\/wp-content\/uploads\/2025\/04\/Portrait-Lars-Dieckmann-12x12.jpg 12w\" sizes=\"auto, (max-width: 800px) 100vw, 800px\" \/><\/a>\n\t\t\t\t\t<\/div>\n\t\t\n\t\t\t\n\t\t\t<div class=\"uael-post__content-wrap\">\n\n\t\t\t\t\t<h4 class=\"uael-post__title\">\n\n\t\t\n\t\t\t\t\t\t<a href=\"https:\/\/raaf-kommunikation.de\/en\/lars-petersen\/\" target=\"_blank\">\n\t\t\t\tLars Petersen\t\t\t<\/a>\n\n\t\t\t\t<\/h4>\n\t\t<div class=\"uael-post__separator\"><\/div>\n\t\t<div class=\"uael-post__excerpt\">\n\t\t\t| Executive Assistant at Tibek CNC-Technik GmbH | Ralf Raaf has been looking after us since we launched our new 3D drag-and-drop design software SmartWOP for carpenters and joiners in 2014, and has been doing so from ...\t\t<\/div>\n\n\t\t\t\t\t<a class=\"uael-post__read-more elementor-button\" href=\"https:\/\/raaf-kommunikation.de\/en\/lars-petersen\/\" target=\"_blank\" aria-labelledby=\"uael-post-10495\">\n\t\t\t\t\t<span class=\"elementor-button-content-wrapper\">\n\t\t\t\t\t\t\t\t\t\t\t\t\t\t<span class=\"elementor-button-icon elementor-align-icon-left\">\n\n\t\t\t\t\t\t\t\t\t\n\t\t\t\t\t\t\t\t<\/span>\n\t\t\t\t\t\t\t\t\t\t\t\t\t\n\t\t\t\t\t\t<span class=\"elementor-button-text\" id=\"uael-post-10495\">Read more<\/span>\n\t\t\t\t\t<\/span>\n\t\t\t\t<\/a>\n\t\t\t\t\t\t<\/div>\n\t\t\t\n\t\t<\/div>\n\t\t\n\t<\/div>\n\n<\/div>\n\n<div class=\"uael-post-wrapper   kundenstimmen\">\n\t<div class=\"uael-post__bg-wrap\">\n\n\t\t\t\t\t<a href=\"https:\/\/raaf-kommunikation.de\/en\/sonja-wellhausen\/\" target=\"_blank\" class=\"uael-post__complete-box-overlay\" aria-label=\"Link Complete Box\"><\/a>\n\t\t\t\t\n\t\t<div class=\"uael-post__inner-wrap\">\n\n\t\t\t\t<div class=\"uael-post__thumbnail\">\n\t\t\t\n\t\t\t<a href=\"https:\/\/raaf-kommunikation.de\/en\/sonja-wellhausen\/\" target=\"_self\" title=\"Sonja Wellhausen\"><img loading=\"lazy\" decoding=\"async\" width=\"1600\" height=\"1600\" src=\"https:\/\/raaf-kommunikation.de\/wp-content\/uploads\/2025\/03\/1620365227396-topaz-low-resolution-v2-4x.jpeg\" class=\"attachment-full size-full wp-image-10193\" alt=\"Kundenstimmen: Portrait Sonja Wellhausen\" srcset=\"https:\/\/raaf-kommunikation.de\/wp-content\/uploads\/2025\/03\/1620365227396-topaz-low-resolution-v2-4x.jpeg 1600w, https:\/\/raaf-kommunikation.de\/wp-content\/uploads\/2025\/03\/1620365227396-topaz-low-resolution-v2-4x-720x720.jpeg 720w, https:\/\/raaf-kommunikation.de\/wp-content\/uploads\/2025\/03\/1620365227396-topaz-low-resolution-v2-4x-300x300.jpeg 300w, https:\/\/raaf-kommunikation.de\/wp-content\/uploads\/2025\/03\/1620365227396-topaz-low-resolution-v2-4x-768x768.jpeg 768w, https:\/\/raaf-kommunikation.de\/wp-content\/uploads\/2025\/03\/1620365227396-topaz-low-resolution-v2-4x-1536x1536.jpeg 1536w, https:\/\/raaf-kommunikation.de\/wp-content\/uploads\/2025\/03\/1620365227396-topaz-low-resolution-v2-4x-12x12.jpeg 12w\" sizes=\"auto, (max-width: 1600px) 100vw, 1600px\" \/><\/a>\n\t\t\t\t\t<\/div>\n\t\t\n\t\t\t\n\t\t\t<div class=\"uael-post__content-wrap\">\n\n\t\t\t\t\t<h4 class=\"uael-post__title\">\n\n\t\t\n\t\t\t\t\t\t<a href=\"https:\/\/raaf-kommunikation.de\/en\/sonja-wellhausen\/\" target=\"_blank\">\n\t\t\t\tSonja Wellhausen\t\t\t<\/a>\n\n\t\t\t\t<\/h4>\n\t\t<div class=\"uael-post__separator\"><\/div>\n\t\t<div class=\"uael-post__excerpt\">\n\t\t\t| 2001-2014 Advertising Manager D-A-CH at Pioneer Electronics, Willich | 2018-2022 Senior Brand Manager Brand &amp; Creative at W\u00fcsthof, Solingen | When I met Ralf Raaf in 2007 as part of my ...\t\t<\/div>\n\n\t\t\t\t\t<a class=\"uael-post__read-more elementor-button\" href=\"https:\/\/raaf-kommunikation.de\/en\/sonja-wellhausen\/\" target=\"_blank\" aria-labelledby=\"uael-post-10191\">\n\t\t\t\t\t<span class=\"elementor-button-content-wrapper\">\n\t\t\t\t\t\t\t\t\t\t\t\t\t\t<span class=\"elementor-button-icon elementor-align-icon-left\">\n\n\t\t\t\t\t\t\t\t\t\n\t\t\t\t\t\t\t\t<\/span>\n\t\t\t\t\t\t\t\t\t\t\t\t\t\n\t\t\t\t\t\t<span class=\"elementor-button-text\" id=\"uael-post-10191\">Read more<\/span>\n\t\t\t\t\t<\/span>\n\t\t\t\t<\/a>\n\t\t\t\t\t\t<\/div>\n\t\t\t\n\t\t<\/div>\n\t\t\n\t<\/div>\n\n<\/div>\n\n<div class=\"uael-post-wrapper   kundenstimmen\">\n\t<div class=\"uael-post__bg-wrap\">\n\n\t\t\t\t\t<a href=\"https:\/\/raaf-kommunikation.de\/en\/gregor-beckmann\/\" target=\"_blank\" class=\"uael-post__complete-box-overlay\" aria-label=\"Link Complete Box\"><\/a>\n\t\t\t\t\n\t\t<div class=\"uael-post__inner-wrap\">\n\n\t\t\t\t<div class=\"uael-post__thumbnail\">\n\t\t\t\n\t\t\t<a href=\"https:\/\/raaf-kommunikation.de\/en\/gregor-beckmann\/\" target=\"_self\" title=\"Gregor Beckmann\"><img loading=\"lazy\" decoding=\"async\" width=\"1600\" height=\"1600\" src=\"https:\/\/raaf-kommunikation.de\/wp-content\/uploads\/2025\/03\/1550788004271-topaz-low-resolution-v2-4x.jpeg\" class=\"attachment-full size-full wp-image-10200\" alt=\"Kundenstimmen: Portrait Gregor Beckmann\" srcset=\"https:\/\/raaf-kommunikation.de\/wp-content\/uploads\/2025\/03\/1550788004271-topaz-low-resolution-v2-4x.jpeg 1600w, https:\/\/raaf-kommunikation.de\/wp-content\/uploads\/2025\/03\/1550788004271-topaz-low-resolution-v2-4x-720x720.jpeg 720w, https:\/\/raaf-kommunikation.de\/wp-content\/uploads\/2025\/03\/1550788004271-topaz-low-resolution-v2-4x-300x300.jpeg 300w, https:\/\/raaf-kommunikation.de\/wp-content\/uploads\/2025\/03\/1550788004271-topaz-low-resolution-v2-4x-768x768.jpeg 768w, https:\/\/raaf-kommunikation.de\/wp-content\/uploads\/2025\/03\/1550788004271-topaz-low-resolution-v2-4x-1536x1536.jpeg 1536w, https:\/\/raaf-kommunikation.de\/wp-content\/uploads\/2025\/03\/1550788004271-topaz-low-resolution-v2-4x-12x12.jpeg 12w\" sizes=\"auto, (max-width: 1600px) 100vw, 1600px\" \/><\/a>\n\t\t\t\t\t<\/div>\n\t\t\n\t\t\t\n\t\t\t<div class=\"uael-post__content-wrap\">\n\n\t\t\t\t\t<h4 class=\"uael-post__title\">\n\n\t\t\n\t\t\t\t\t\t<a href=\"https:\/\/raaf-kommunikation.de\/en\/gregor-beckmann\/\" target=\"_blank\">\n\t\t\t\tGregor Beckmann\t\t\t<\/a>\n\n\t\t\t\t<\/h4>\n\t\t<div class=\"uael-post__separator\"><\/div>\n\t\t<div class=\"uael-post__excerpt\">\n\t\t\t| 1997-2007 Manager Sales &amp; Marketing at Croci Spa, which also includes amtra Aquaristik GmbH, Rodgau | The co-operation with Ralf Raaf began in 2000, and ...\t\t<\/div>\n\n\t\t\t\t\t<a class=\"uael-post__read-more elementor-button\" href=\"https:\/\/raaf-kommunikation.de\/en\/gregor-beckmann\/\" target=\"_blank\" aria-labelledby=\"uael-post-10197\">\n\t\t\t\t\t<span class=\"elementor-button-content-wrapper\">\n\t\t\t\t\t\t\t\t\t\t\t\t\t\t<span class=\"elementor-button-icon elementor-align-icon-left\">\n\n\t\t\t\t\t\t\t\t\t\n\t\t\t\t\t\t\t\t<\/span>\n\t\t\t\t\t\t\t\t\t\t\t\t\t\n\t\t\t\t\t\t<span class=\"elementor-button-text\" id=\"uael-post-10197\">Read more<\/span>\n\t\t\t\t\t<\/span>\n\t\t\t\t<\/a>\n\t\t\t\t\t\t<\/div>\n\t\t\t\n\t\t<\/div>\n\t\t\n\t<\/div>\n\n<\/div>\n\t\t\t\t<\/div>\n\t\t\t\t\t\t\n\t\t<\/div>\n\n\t\t\t\t\t\t<\/div>\n\t\t<div class=\"uael-post__footer\">\n\t\t\t\t\t<\/div>\n\t\t\t\t\t\t<\/div>\n\t\t\t\t<\/div>\n\t\t\t\t\t<\/div>\n\t\t\t\t<\/div>\n\t\t\t\t<\/div>\n\t\t\t\t<\/div>","protected":false},"excerpt":{"rendered":"<p>KUNDENSTIMMEN:Was meine Kunden \u00fcber mich sagen &#8230; Gerd Wellhausen | Product &amp; Marketing Manager bei Pioneer Electronics Deutschland |\u00a0 Ralf Raaf ist seit \u00fcber 10 Jahren unser externer Allround-Freelancer f\u00fcr Text, Grafik, Web und alle Dienstleistungen rund um das &#8230; Weiterlesen Nicola Humphreys | Gr\u00fcnderin und Gesch\u00e4ftsf\u00fchrerin Imprimatur |\u00a0 | Founder and Managing Director Imprimatur [&hellip;]<\/p>\n","protected":false},"author":2,"featured_media":0,"parent":0,"menu_order":0,"comment_status":"closed","ping_status":"closed","template":"","meta":{"inline_featured_image":false,"footnotes":""},"class_list":["post-37","page","type-page","status-publish","hentry"],"_links":{"self":[{"href":"https:\/\/raaf-kommunikation.de\/en\/wp-json\/wp\/v2\/pages\/37","targetHints":{"allow":["GET"]}}],"collection":[{"href":"https:\/\/raaf-kommunikation.de\/en\/wp-json\/wp\/v2\/pages"}],"about":[{"href":"https:\/\/raaf-kommunikation.de\/en\/wp-json\/wp\/v2\/types\/page"}],"author":[{"embeddable":true,"href":"https:\/\/raaf-kommunikation.de\/en\/wp-json\/wp\/v2\/users\/2"}],"replies":[{"embeddable":true,"href":"https:\/\/raaf-kommunikation.de\/en\/wp-json\/wp\/v2\/comments?post=37"}],"version-history":[{"count":0,"href":"https:\/\/raaf-kommunikation.de\/en\/wp-json\/wp\/v2\/pages\/37\/revisions"}],"wp:attachment":[{"href":"https:\/\/raaf-kommunikation.de\/en\/wp-json\/wp\/v2\/media?parent=37"}],"curies":[{"name":"wp","href":"https:\/\/api.w.org\/{rel}","templated":true}]}}